{"id":44,"date":"2022-04-11T14:04:08","date_gmt":"2022-04-11T17:04:08","guid":{"rendered":"https:\/\/construtorariskalla.com.br\/riskalla\/?page_id=44"},"modified":"2022-12-15T12:23:39","modified_gmt":"2022-12-15T15:23:39","slug":"bauhaus","status":"publish","type":"page","link":"https:\/\/construtorariskalla.com.br\/riskalla\/bauhaus\/","title":{"rendered":"Bauhaus"},"content":{"rendered":"","protected":false},"excerpt":{"rendered":"","protected":false},"author":1,"featured_media":1857,"parent":0,"menu_order":0,"comment_status":"closed","ping_status":"closed","template":"","meta":{"inline_featured_image":false,"_joinchat":[],"footnotes":"","_links_to":"","_links_to_target":""},"class_list":["post-44","page","type-page","status-publish","has-post-thumbnail","hentry"],"yoast_head":"<!-- This site is optimized with the Yoast SEO plugin v25.8 - https:\/\/yoast.com\/wordpress\/plugins\/seo\/ -->\n<title>Bauhaus - Riskalla Construtora<\/title>\n<meta name=\"description\" content=\"Baseado nas ideias minimalistas da revolucion\u00e1ria escola de design alem\u00e3, Bauhaus Concept apresenta um novo modo de viver, com muito espa\u00e7o e liberdade para voc\u00ea expressar suas ideias e fazer do seu dia a dia, uma arte.\" \/>\n<meta name=\"robots\" content=\"index, follow, max-snippet:-1, max-image-preview:large, max-video-preview:-1\" \/>\n<link rel=\"canonical\" href=\"https:\/\/construtorariskalla.com.br\/riskalla\/bauhaus\/\" \/>\n<meta property=\"og:locale\" content=\"pt_BR\" \/>\n<meta property=\"og:type\" content=\"article\" \/>\n<meta property=\"og:title\" content=\"Bauhaus - Riskalla Construtora\" \/>\n<meta property=\"og:description\" content=\"Baseado nas ideias minimalistas da revolucion\u00e1ria escola de design alem\u00e3, Bauhaus Concept apresenta um novo modo de viver, com muito espa\u00e7o e liberdade para voc\u00ea expressar suas ideias e fazer do seu dia a dia, uma arte.\" \/>\n<meta property=\"og:url\" content=\"https:\/\/construtorariskalla.com.br\/riskalla\/bauhaus\/\" \/>\n<meta property=\"og:site_name\" content=\"Riskalla Construtora\" \/>\n<meta property=\"article:modified_time\" content=\"2022-12-15T15:23:39+00:00\" \/>\n<meta property=\"og:image\" content=\"http:\/\/construtorariskalla.com.br\/riskalla\/wp-content\/uploads\/2022\/12\/bauhaus.jpg\" \/>\n\t<meta property=\"og:image:width\" content=\"922\" \/>\n\t<meta property=\"og:image:height\" content=\"1024\" \/>\n\t<meta property=\"og:image:type\" content=\"image\/jpeg\" \/>\n<meta name=\"twitter:card\" content=\"summary_large_image\" \/>\n<meta name=\"twitter:image\" content=\"https:\/\/construtorariskalla.com.br\/riskalla\/wp-content\/uploads\/2022\/12\/bauhaus.jpg\" \/>\n<script type=\"application\/ld+json\" class=\"yoast-schema-graph\">{\"@context\":\"https:\/\/schema.org\",\"@graph\":[{\"@type\":\"WebPage\",\"@id\":\"https:\/\/construtorariskalla.com.br\/riskalla\/bauhaus\/\",\"url\":\"https:\/\/construtorariskalla.com.br\/riskalla\/bauhaus\/\",\"name\":\"Bauhaus - Riskalla Construtora\",\"isPartOf\":{\"@id\":\"https:\/\/construtorariskalla.com.br\/riskalla\/#website\"},\"primaryImageOfPage\":{\"@id\":\"https:\/\/construtorariskalla.com.br\/riskalla\/bauhaus\/#primaryimage\"},\"image\":{\"@id\":\"https:\/\/construtorariskalla.com.br\/riskalla\/bauhaus\/#primaryimage\"},\"thumbnailUrl\":\"https:\/\/construtorariskalla.com.br\/riskalla\/wp-content\/uploads\/2022\/12\/bauhaus.jpg\",\"datePublished\":\"2022-04-11T17:04:08+00:00\",\"dateModified\":\"2022-12-15T15:23:39+00:00\",\"description\":\"Baseado nas ideias minimalistas da revolucion\u00e1ria escola de design alem\u00e3, Bauhaus Concept apresenta um novo modo de viver, com muito espa\u00e7o e liberdade para voc\u00ea expressar suas ideias e fazer do seu dia a dia, uma arte.\",\"breadcrumb\":{\"@id\":\"https:\/\/construtorariskalla.com.br\/riskalla\/bauhaus\/#breadcrumb\"},\"inLanguage\":\"pt-BR\",\"potentialAction\":[{\"@type\":\"ReadAction\",\"target\":[\"https:\/\/construtorariskalla.com.br\/riskalla\/bauhaus\/\"]}]},{\"@type\":\"ImageObject\",\"inLanguage\":\"pt-BR\",\"@id\":\"https:\/\/construtorariskalla.com.br\/riskalla\/bauhaus\/#primaryimage\",\"url\":\"https:\/\/construtorariskalla.com.br\/riskalla\/wp-content\/uploads\/2022\/12\/bauhaus.jpg\",\"contentUrl\":\"https:\/\/construtorariskalla.com.br\/riskalla\/wp-content\/uploads\/2022\/12\/bauhaus.jpg\",\"width\":922,\"height\":1024},{\"@type\":\"BreadcrumbList\",\"@id\":\"https:\/\/construtorariskalla.com.br\/riskalla\/bauhaus\/#breadcrumb\",\"itemListElement\":[{\"@type\":\"ListItem\",\"position\":1,\"name\":\"In\u00edcio\",\"item\":\"https:\/\/construtorariskalla.com.br\/riskalla\/\"},{\"@type\":\"ListItem\",\"position\":2,\"name\":\"Bauhaus\"}]},{\"@type\":\"WebSite\",\"@id\":\"https:\/\/construtorariskalla.com.br\/riskalla\/#website\",\"url\":\"https:\/\/construtorariskalla.com.br\/riskalla\/\",\"name\":\"Riskalla Construtora\",\"description\":\"\",\"potentialAction\":[{\"@type\":\"SearchAction\",\"target\":{\"@type\":\"EntryPoint\",\"urlTemplate\":\"https:\/\/construtorariskalla.com.br\/riskalla\/?s={search_term_string}\"},\"query-input\":{\"@type\":\"PropertyValueSpecification\",\"valueRequired\":true,\"valueName\":\"search_term_string\"}}],\"inLanguage\":\"pt-BR\"}]}<\/script>\n<!-- \/ Yoast SEO plugin. -->","yoast_head_json":{"title":"Bauhaus - Riskalla Construtora","description":"Baseado nas ideias minimalistas da revolucion\u00e1ria escola de design alem\u00e3, Bauhaus Concept apresenta um novo modo de viver, com muito espa\u00e7o e liberdade para voc\u00ea expressar suas ideias e fazer do seu dia a dia, uma arte.","robots":{"index":"index","follow":"follow","max-snippet":"max-snippet:-1","max-image-preview":"max-image-preview:large","max-video-preview":"max-video-preview:-1"},"canonical":"https:\/\/construtorariskalla.com.br\/riskalla\/bauhaus\/","og_locale":"pt_BR","og_type":"article","og_title":"Bauhaus - Riskalla Construtora","og_description":"Baseado nas ideias minimalistas da revolucion\u00e1ria escola de design alem\u00e3, Bauhaus Concept apresenta um novo modo de viver, com muito espa\u00e7o e liberdade para voc\u00ea expressar suas ideias e fazer do seu dia a dia, uma arte.","og_url":"https:\/\/construtorariskalla.com.br\/riskalla\/bauhaus\/","og_site_name":"Riskalla Construtora","article_modified_time":"2022-12-15T15:23:39+00:00","og_image":[{"width":922,"height":1024,"url":"http:\/\/construtorariskalla.com.br\/riskalla\/wp-content\/uploads\/2022\/12\/bauhaus.jpg","type":"image\/jpeg"}],"twitter_card":"summary_large_image","twitter_image":"https:\/\/construtorariskalla.com.br\/riskalla\/wp-content\/uploads\/2022\/12\/bauhaus.jpg","schema":{"@context":"https:\/\/schema.org","@graph":[{"@type":"WebPage","@id":"https:\/\/construtorariskalla.com.br\/riskalla\/bauhaus\/","url":"https:\/\/construtorariskalla.com.br\/riskalla\/bauhaus\/","name":"Bauhaus - Riskalla Construtora","isPartOf":{"@id":"https:\/\/construtorariskalla.com.br\/riskalla\/#website"},"primaryImageOfPage":{"@id":"https:\/\/construtorariskalla.com.br\/riskalla\/bauhaus\/#primaryimage"},"image":{"@id":"https:\/\/construtorariskalla.com.br\/riskalla\/bauhaus\/#primaryimage"},"thumbnailUrl":"https:\/\/construtorariskalla.com.br\/riskalla\/wp-content\/uploads\/2022\/12\/bauhaus.jpg","datePublished":"2022-04-11T17:04:08+00:00","dateModified":"2022-12-15T15:23:39+00:00","description":"Baseado nas ideias minimalistas da revolucion\u00e1ria escola de design alem\u00e3, Bauhaus Concept apresenta um novo modo de viver, com muito espa\u00e7o e liberdade para voc\u00ea expressar suas ideias e fazer do seu dia a dia, uma arte.","breadcrumb":{"@id":"https:\/\/construtorariskalla.com.br\/riskalla\/bauhaus\/#breadcrumb"},"inLanguage":"pt-BR","potentialAction":[{"@type":"ReadAction","target":["https:\/\/construtorariskalla.com.br\/riskalla\/bauhaus\/"]}]},{"@type":"ImageObject","inLanguage":"pt-BR","@id":"https:\/\/construtorariskalla.com.br\/riskalla\/bauhaus\/#primaryimage","url":"https:\/\/construtorariskalla.com.br\/riskalla\/wp-content\/uploads\/2022\/12\/bauhaus.jpg","contentUrl":"https:\/\/construtorariskalla.com.br\/riskalla\/wp-content\/uploads\/2022\/12\/bauhaus.jpg","width":922,"height":1024},{"@type":"BreadcrumbList","@id":"https:\/\/construtorariskalla.com.br\/riskalla\/bauhaus\/#breadcrumb","itemListElement":[{"@type":"ListItem","position":1,"name":"In\u00edcio","item":"https:\/\/construtorariskalla.com.br\/riskalla\/"},{"@type":"ListItem","position":2,"name":"Bauhaus"}]},{"@type":"WebSite","@id":"https:\/\/construtorariskalla.com.br\/riskalla\/#website","url":"https:\/\/construtorariskalla.com.br\/riskalla\/","name":"Riskalla Construtora","description":"","potentialAction":[{"@type":"SearchAction","target":{"@type":"EntryPoint","urlTemplate":"https:\/\/construtorariskalla.com.br\/riskalla\/?s={search_term_string}"},"query-input":{"@type":"PropertyValueSpecification","valueRequired":true,"valueName":"search_term_string"}}],"inLanguage":"pt-BR"}]}},"_links":{"self":[{"href":"https:\/\/construtorariskalla.com.br\/riskalla\/wp-json\/wp\/v2\/pages\/44","targetHints":{"allow":["GET"]}}],"collection":[{"href":"https:\/\/construtorariskalla.com.br\/riskalla\/wp-json\/wp\/v2\/pages"}],"about":[{"href":"https:\/\/construtorariskalla.com.br\/riskalla\/wp-json\/wp\/v2\/types\/page"}],"author":[{"embeddable":true,"href":"https:\/\/construtorariskalla.com.br\/riskalla\/wp-json\/wp\/v2\/users\/1"}],"replies":[{"embeddable":true,"href":"https:\/\/construtorariskalla.com.br\/riskalla\/wp-json\/wp\/v2\/comments?post=44"}],"version-history":[{"count":1,"href":"https:\/\/construtorariskalla.com.br\/riskalla\/wp-json\/wp\/v2\/pages\/44\/revisions"}],"predecessor-version":[{"id":45,"href":"https:\/\/construtorariskalla.com.br\/riskalla\/wp-json\/wp\/v2\/pages\/44\/revisions\/45"}],"wp:featuredmedia":[{"embeddable":true,"href":"https:\/\/construtorariskalla.com.br\/riskalla\/wp-json\/wp\/v2\/media\/1857"}],"wp:attachment":[{"href":"https:\/\/construtorariskalla.com.br\/riskalla\/wp-json\/wp\/v2\/media?parent=44"}],"curies":[{"name":"wp","href":"https:\/\/api.w.org\/{rel}","templated":true}]}}